{"id":105,"date":"2020-06-29T23:38:07","date_gmt":"2020-06-29T23:38:07","guid":{"rendered":"https:\/\/demosites.io\/pet-shop-gb\/?page_id=105"},"modified":"2024-05-29T09:53:01","modified_gmt":"2024-05-29T07:53:01","slug":"d09c8-home","status":"publish","type":"page","link":"https:\/\/viacmenej.sk\/","title":{"rendered":"Domov"},"content":{"rendered":"\n<div class=\"wp-block-themeisle-blocks-advanced-columns alignfull has-1-columns has-desktop-equal-layout has-tablet-equal-layout has-mobile-equal-layout has-default-gap has-vertical-unset\" id=\"wp-block-themeisle-blocks-advanced-columns-2cbaa8c4\"><div class=\"wp-block-themeisle-blocks-advanced-columns-overlay\"><\/div><div class=\"innerblocks-wrap\">\n<div class=\"wp-block-themeisle-blocks-advanced-column\" id=\"wp-block-themeisle-blocks-advanced-column-932e8de2\">\n<h1 class=\"has-text-align-center has-white-color has-text-color wp-block-heading\">U\u017eito\u010dn\u00e9 tipy a triky pri kompostovan\u00ed<\/h1>\n\n\n\n<p id=\"wp-block-themeisle-blocks-advanced-heading-14b03693\" class=\"wp-block-themeisle-blocks-advanced-heading wp-block-themeisle-blocks-advanced-heading-14b03693\"><em><em><em><em><em>Od n\u00e1\u0161ho prvotn\u00e9ho zozn\u00e1menia sa s interi\u00e9rov\u00fdm kompostovan\u00edm ubehli u\u017e viac ako dva roky. Po\u010das tejto doby sme nazbierali mno\u017estvo sk\u00fasenost\u00ed ale tie\u017e sme sa museli popasova\u0165 s niektor\u00fdmi probl\u00e9mami. O na\u0161e cenn\u00e9 sk\u00fasenosti z praxe by sme sa chceli s vami podeli\u0165 v tomto blogu.&nbsp;&nbsp;<\/em><\/em><\/em><\/em><\/em><\/p>\n\n\n\n<div id=\"wp-block-themeisle-blocks-button-group-75201134\" class=\"wp-block-themeisle-blocks-button-group wp-block-buttons align-center ticss-58c34713\">\n<div id=\"wp-block-themeisle-blocks-button-5f106395\" class=\"wp-block-themeisle-blocks-button wp-block-button is-style-fill ticss-ff4ea3e1\"><a href=\"https:\/\/viacmenej.sk\/index.php\/2022\/01\/23\/uzitocne-tipy-a-triky-pri-kompostovani\/\" target=\"_self\" rel=\"noopener noreferrer\" class=\"wp-block-button__link\"><span>\u010c\u00cdTA\u0164 VIAC<\/span><i class=\"fas fa-fw fa-arrow-right margin-left\"><\/i><\/a><\/div>\n<\/div>\n<\/div>\n<\/div><\/div>\n\n\n\n<div class=\"wp-block-themeisle-blocks-advanced-columns alignfull has-3-columns has-desktop-equal-layout has-tablet-equal-layout has-mobile-collapsedRows-layout has-default-gap has-vertical-unset\" id=\"wp-block-themeisle-blocks-advanced-columns-48a843bb\"><div class=\"wp-block-themeisle-blocks-advanced-columns-overlay\"><\/div><div class=\"innerblocks-wrap\">\n<div class=\"wp-block-themeisle-blocks-advanced-column\" id=\"wp-block-themeisle-blocks-advanced-column-567ba52c\">\n<div class=\"wp-block-themeisle-blocks-service\">\n<div class=\"wp-block-image\"><figure class=\"aligncenter size-large is-resized\"><img loading=\"lazy\" decoding=\"async\" src=\"https:\/\/viacmenej.sk\/wp-content\/uploads\/2021\/02\/Minimalizmus.png\" alt=\"\" class=\"wp-image-197\" width=\"200\" height=\"200\"\/><\/figure><\/div>\n\n\n\n<h3 class=\"has-text-align-center wp-block-heading\">Minimalizmus<\/h3>\n\n\n\n<p class=\"has-text-align-center\"><\/p>\n<\/div>\n<\/div>\n\n\n\n<div class=\"wp-block-themeisle-blocks-advanced-column\" id=\"wp-block-themeisle-blocks-advanced-column-5047c005\">\n<div class=\"wp-block-image is-style-default ticss-bc787c65\"><figure class=\"aligncenter size-large is-resized\"><img loading=\"lazy\" decoding=\"async\" src=\"https:\/\/viacmenej.sk\/wp-content\/uploads\/2021\/02\/Ekologia-1.png\" alt=\"\" class=\"wp-image-198\" width=\"200\" height=\"200\"\/><\/figure><\/div>\n\n\n\n<h3 class=\"has-text-align-center wp-block-heading\">Ekol\u00f3gia<\/h3>\n\n\n\n<p class=\"has-text-align-center\"><\/p>\n<\/div>\n\n\n\n<div class=\"wp-block-themeisle-blocks-advanced-column\" id=\"wp-block-themeisle-blocks-advanced-column-ad6835cf\">\n<div class=\"wp-block-image\"><figure class=\"aligncenter size-large is-resized\"><img loading=\"lazy\" decoding=\"async\" src=\"https:\/\/viacmenej.sk\/wp-content\/uploads\/2021\/02\/Antikonzumerizmus.png\" alt=\"\" class=\"wp-image-201\" width=\"200\" height=\"200\"\/><\/figure><\/div>\n\n\n\n<h3 class=\"has-text-align-center wp-block-heading\">Antikonzumerizmus<\/h3>\n\n\n\n<p class=\"has-text-align-center\"><\/p>\n<\/div>\n<\/div><\/div>\n\n\n\n<div class=\"wp-block-themeisle-blocks-advanced-columns alignfull has-1-columns has-desktop-equal-layout has-tablet-equal-layout has-mobile-equal-layout has-narrow-gap has-vertical-unset\" id=\"wp-block-themeisle-blocks-advanced-columns-3220854a\"><div class=\"wp-block-themeisle-blocks-advanced-columns-overlay\"><\/div><div class=\"innerblocks-wrap\">\n<div class=\"wp-block-themeisle-blocks-advanced-column\" id=\"wp-block-themeisle-blocks-advanced-column-4c47d8cf\">\n<h2 class=\"has-text-align-center has-nv-site-bg-color has-text-color wp-block-heading\"><span class=\"has-inline-color has-nv-text-dark-bg-color\">Ste tu spr\u00e1vne? <\/span><\/h2>\n\n\n\n<div style=\"height:40px\" aria-hidden=\"true\" class=\"wp-block-spacer\"><\/div>\n\n\n\n<p class=\"has-text-align-center has-nv-site-bg-color has-text-color\">Pre t\u00fdch, ktor\u00ed maj\u00fa radi minimalizmus alebo h\u013eadaj\u00fa in\u0161pir\u00e1cie pre jednoduch\u0161\u00ed,<br>ale plnohodnotnej\u0161\u00ed \u017eivot \u0161etrn\u00fd k pr\u00edrode.<\/p>\n<\/div>\n<\/div><\/div>\n\n\n\n<div class=\"wp-block-themeisle-blocks-advanced-columns alignfull has-1-columns hide-in-desktop hide-in-tablet hide-in-mobile has-default-gap has-vertical-unset\" id=\"wp-block-themeisle-blocks-advanced-columns-c746195d\"><div class=\"wp-block-themeisle-blocks-advanced-columns-overlay\"><\/div><div class=\"innerblocks-wrap\">\n<div class=\"wp-block-themeisle-blocks-advanced-column\" id=\"wp-block-themeisle-blocks-advanced-column-7f9bb4cb\">\n<h2 class=\"has-text-align-center has-neve-text-color-color has-text-color wp-block-heading\">Featured Products<\/h2>\n\n\n\n<hr class=\"wp-block-separator has-text-color has-background has-neve-button-color-background-color has-neve-button-color-color\"\/>\n\n\n<div data-block-name=\"woocommerce\/product-new\" data-content-visibility=\"{&quot;title&quot;:true,&quot;price&quot;:true,&quot;rating&quot;:false,&quot;button&quot;:true}\" class=\"wc-block-grid wp-block-product-new wc-block-product-new has-3-columns has-multiple-rows\"><ul class=\"wc-block-grid__products\"><li class=\"wc-block-grid__product\">\n\t\t\t\t<a href=\"https:\/\/viacmenej.sk\/index.php\/product\/banana-sweater\/\" class=\"wc-block-grid__product-link\">\n\t\t\t\t\t<div class=\"wc-block-grid__product-image\"><img loading=\"lazy\" decoding=\"async\" width=\"300\" height=\"300\" src=\"https:\/\/viacmenej.sk\/wp-content\/uploads\/2020\/04\/neve-pet-shop-19-300x300.jpg\" class=\"attachment-woocommerce_thumbnail size-woocommerce_thumbnail\" alt=\"Banana Sweater\" \/><\/div>\n\t\t\t\t\t<div class=\"wc-block-grid__product-title\">Banana Sweater<\/div>\n\t\t\t\t<\/a>\n\t\t\t\t\n\t\t\t\t<div class=\"wc-block-grid__product-price price\"><span class=\"woocommerce-Price-amount amount\"><span class=\"woocommerce-Price-currencySymbol\">&pound;<\/span>32.00<\/span><\/div>\n\t\t\t\t\n\t\t\t\t<div class=\"wp-block-button wc-block-grid__product-add-to-cart\"><a href=\"?add-to-cart=180\" aria-label=\"Prida\u0165 &ldquo;Banana Sweater&rdquo; do ko\u0161\u00edka\" data-quantity=\"1\" data-product_id=\"180\" data-product_sku=\"\" rel=\"nofollow\" class=\"wp-block-button__link add_to_cart_button ajax_add_to_cart\">Prida\u0165 do ko\u0161\u00edka<\/a><\/div>\n\t\t\t<\/li><li class=\"wc-block-grid__product\">\n\t\t\t\t<a href=\"https:\/\/viacmenej.sk\/index.php\/product\/dog-yellow-sweater\/\" class=\"wc-block-grid__product-link\">\n\t\t\t\t\t<div class=\"wc-block-grid__product-image\"><img loading=\"lazy\" decoding=\"async\" width=\"300\" height=\"300\" src=\"https:\/\/viacmenej.sk\/wp-content\/uploads\/2020\/04\/neve-pet-shop-18-300x300.jpg\" class=\"attachment-woocommerce_thumbnail size-woocommerce_thumbnail\" alt=\"Dog Yellow sweater\" \/><\/div>\n\t\t\t\t\t<div class=\"wc-block-grid__product-title\">Dog Yellow sweater<\/div>\n\t\t\t\t<\/a>\n\t\t\t\t\n\t\t\t\t<div class=\"wc-block-grid__product-price price\"><span class=\"woocommerce-Price-amount amount\"><span class=\"woocommerce-Price-currencySymbol\">&pound;<\/span>44.00<\/span><\/div>\n\t\t\t\t\n\t\t\t\t<div class=\"wp-block-button wc-block-grid__product-add-to-cart\"><a href=\"?add-to-cart=179\" aria-label=\"Prida\u0165 &ldquo;Dog Yellow sweater&rdquo; do ko\u0161\u00edka\" data-quantity=\"1\" data-product_id=\"179\" data-product_sku=\"\" rel=\"nofollow\" class=\"wp-block-button__link add_to_cart_button ajax_add_to_cart\">Prida\u0165 do ko\u0161\u00edka<\/a><\/div>\n\t\t\t<\/li><li class=\"wc-block-grid__product\">\n\t\t\t\t<a href=\"https:\/\/viacmenej.sk\/index.php\/product\/cute-little-puppy-sweater\/\" class=\"wc-block-grid__product-link\">\n\t\t\t\t\t<div class=\"wc-block-grid__product-image\"><img loading=\"lazy\" decoding=\"async\" width=\"300\" height=\"300\" src=\"https:\/\/viacmenej.sk\/wp-content\/uploads\/2020\/04\/neve-pet-shop-24-300x300.jpg\" class=\"attachment-woocommerce_thumbnail size-woocommerce_thumbnail\" alt=\"Cute little puppy sweater\" \/><\/div>\n\t\t\t\t\t<div class=\"wc-block-grid__product-title\">Cute little puppy sweater<\/div>\n\t\t\t\t<\/a>\n\t\t\t\t\n\t\t\t\t<div class=\"wc-block-grid__product-price price\"><span class=\"woocommerce-Price-amount amount\"><span class=\"woocommerce-Price-currencySymbol\">&pound;<\/span>65.00<\/span><\/div>\n\t\t\t\t\n\t\t\t\t<div class=\"wp-block-button wc-block-grid__product-add-to-cart\"><a href=\"?add-to-cart=178\" aria-label=\"Prida\u0165 &ldquo;Cute little puppy sweater&rdquo; do ko\u0161\u00edka\" data-quantity=\"1\" data-product_id=\"178\" data-product_sku=\"\" rel=\"nofollow\" class=\"wp-block-button__link add_to_cart_button ajax_add_to_cart\">Prida\u0165 do ko\u0161\u00edka<\/a><\/div>\n\t\t\t<\/li><li class=\"wc-block-grid__product\">\n\t\t\t\t<a href=\"https:\/\/viacmenej.sk\/index.php\/product\/white-puppy\/\" class=\"wc-block-grid__product-link\">\n\t\t\t\t\t<div class=\"wc-block-grid__product-image\"><img loading=\"lazy\" decoding=\"async\" width=\"300\" height=\"300\" src=\"https:\/\/viacmenej.sk\/wp-content\/uploads\/2020\/04\/neve-pet-shop-17-300x300.jpg\" class=\"attachment-woocommerce_thumbnail size-woocommerce_thumbnail\" alt=\"White Puppy\" \/><\/div>\n\t\t\t\t\t<div class=\"wc-block-grid__product-title\">White Puppy<\/div>\n\t\t\t\t<\/a>\n\t\t\t\t\n\t\t\t\t<div class=\"wc-block-grid__product-price price\"><span class=\"woocommerce-Price-amount amount\"><span class=\"woocommerce-Price-currencySymbol\">&pound;<\/span>200.00<\/span><\/div>\n\t\t\t\t\n\t\t\t\t<div class=\"wp-block-button wc-block-grid__product-add-to-cart\"><a href=\"?add-to-cart=177\" aria-label=\"Prida\u0165 &ldquo;White Puppy&rdquo; do ko\u0161\u00edka\" data-quantity=\"1\" data-product_id=\"177\" data-product_sku=\"\" rel=\"nofollow\" class=\"wp-block-button__link add_to_cart_button ajax_add_to_cart\">Prida\u0165 do ko\u0161\u00edka<\/a><\/div>\n\t\t\t<\/li><li class=\"wc-block-grid__product\">\n\t\t\t\t<a href=\"https:\/\/viacmenej.sk\/index.php\/product\/amazon-parrot\/\" class=\"wc-block-grid__product-link\">\n\t\t\t\t\t<div class=\"wc-block-grid__product-image\"><img loading=\"lazy\" decoding=\"async\" width=\"300\" height=\"300\" src=\"https:\/\/viacmenej.sk\/wp-content\/uploads\/2020\/04\/neve-pet-shop-23-300x300.jpg\" class=\"attachment-woocommerce_thumbnail size-woocommerce_thumbnail\" alt=\"Amazon Parrot\" \/><\/div>\n\t\t\t\t\t<div class=\"wc-block-grid__product-title\">Amazon Parrot<\/div>\n\t\t\t\t<\/a>\n\t\t\t\t<div class=\"wc-block-grid__product-onsale\">\n\t\t\t<span aria-hidden=\"true\">Z\u013eava<\/span>\n\t\t\t<span class=\"screen-reader-text\">Z\u013eavnen\u00fd produkt<\/span>\n\t\t<\/div>\n\t\t\t\t<div class=\"wc-block-grid__product-price price\"><del aria-hidden=\"true\"><span class=\"woocommerce-Price-amount amount\"><span class=\"woocommerce-Price-currencySymbol\">&pound;<\/span>2,500.00<\/span><\/del> <ins><span class=\"woocommerce-Price-amount amount\"><span class=\"woocommerce-Price-currencySymbol\">&pound;<\/span>2,000.00<\/span><\/ins><\/div>\n\t\t\t\t\n\t\t\t\t<div class=\"wp-block-button wc-block-grid__product-add-to-cart\"><a href=\"?add-to-cart=176\" aria-label=\"Prida\u0165 &ldquo;Amazon Parrot&rdquo; do ko\u0161\u00edka\" data-quantity=\"1\" data-product_id=\"176\" data-product_sku=\"\" rel=\"nofollow\" class=\"wp-block-button__link add_to_cart_button ajax_add_to_cart\">Prida\u0165 do ko\u0161\u00edka<\/a><\/div>\n\t\t\t<\/li><li class=\"wc-block-grid__product\">\n\t\t\t\t<a href=\"https:\/\/viacmenej.sk\/index.php\/product\/exotic-parrot\/\" class=\"wc-block-grid__product-link\">\n\t\t\t\t\t<div class=\"wc-block-grid__product-image\"><img loading=\"lazy\" decoding=\"async\" width=\"300\" height=\"300\" src=\"https:\/\/viacmenej.sk\/wp-content\/uploads\/2020\/04\/neve-pet-shop-25-300x300.jpg\" class=\"attachment-woocommerce_thumbnail size-woocommerce_thumbnail\" alt=\"Exotic Parrot\" \/><\/div>\n\t\t\t\t\t<div class=\"wc-block-grid__product-title\">Exotic Parrot<\/div>\n\t\t\t\t<\/a>\n\t\t\t\t<div class=\"wc-block-grid__product-onsale\">\n\t\t\t<span aria-hidden=\"true\">Z\u013eava<\/span>\n\t\t\t<span class=\"screen-reader-text\">Z\u013eavnen\u00fd produkt<\/span>\n\t\t<\/div>\n\t\t\t\t<div class=\"wc-block-grid__product-price price\"><del aria-hidden=\"true\"><span class=\"woocommerce-Price-amount amount\"><span class=\"woocommerce-Price-currencySymbol\">&pound;<\/span>1,500.00<\/span><\/del> <ins><span class=\"woocommerce-Price-amount amount\"><span class=\"woocommerce-Price-currencySymbol\">&pound;<\/span>1,200.00<\/span><\/ins><\/div>\n\t\t\t\t\n\t\t\t\t<div class=\"wp-block-button wc-block-grid__product-add-to-cart\"><a href=\"?add-to-cart=175\" aria-label=\"Prida\u0165 &ldquo;Exotic Parrot&rdquo; do ko\u0161\u00edka\" data-quantity=\"1\" data-product_id=\"175\" data-product_sku=\"\" rel=\"nofollow\" class=\"wp-block-button__link add_to_cart_button ajax_add_to_cart\">Prida\u0165 do ko\u0161\u00edka<\/a><\/div>\n\t\t\t<\/li><li class=\"wc-block-grid__product\">\n\t\t\t\t<a href=\"https:\/\/viacmenej.sk\/index.php\/product\/organic-pet-matress\/\" class=\"wc-block-grid__product-link\">\n\t\t\t\t\t<div class=\"wc-block-grid__product-image\"><img loading=\"lazy\" decoding=\"async\" width=\"300\" height=\"300\" src=\"https:\/\/viacmenej.sk\/wp-content\/uploads\/2020\/04\/neve-pet-shop-13-300x300.jpg\" class=\"attachment-woocommerce_thumbnail size-woocommerce_thumbnail\" alt=\"Organic pet matress\" \/><\/div>\n\t\t\t\t\t<div class=\"wc-block-grid__product-title\">Organic pet matress<\/div>\n\t\t\t\t<\/a>\n\t\t\t\t\n\t\t\t\t<div class=\"wc-block-grid__product-price price\"><span class=\"woocommerce-Price-amount amount\"><span class=\"woocommerce-Price-currencySymbol\">&pound;<\/span>135.00<\/span><\/div>\n\t\t\t\t\n\t\t\t\t<div class=\"wp-block-button wc-block-grid__product-add-to-cart\"><a href=\"?add-to-cart=174\" aria-label=\"Prida\u0165 &ldquo;Organic pet matress&rdquo; do ko\u0161\u00edka\" data-quantity=\"1\" data-product_id=\"174\" data-product_sku=\"\" rel=\"nofollow\" class=\"wp-block-button__link add_to_cart_button ajax_add_to_cart\">Prida\u0165 do ko\u0161\u00edka<\/a><\/div>\n\t\t\t<\/li><li class=\"wc-block-grid__product\">\n\t\t\t\t<a href=\"https:\/\/viacmenej.sk\/index.php\/product\/dog-yellow-beanny\/\" class=\"wc-block-grid__product-link\">\n\t\t\t\t\t<div class=\"wc-block-grid__product-image\"><img loading=\"lazy\" decoding=\"async\" width=\"300\" height=\"300\" src=\"https:\/\/viacmenej.sk\/wp-content\/uploads\/2020\/04\/neve-pet-shop-14-300x300.jpg\" class=\"attachment-woocommerce_thumbnail size-woocommerce_thumbnail\" alt=\"Dog Yellow Beanny\" \/><\/div>\n\t\t\t\t\t<div class=\"wc-block-grid__product-title\">Dog Yellow Beanny<\/div>\n\t\t\t\t<\/a>\n\t\t\t\t\n\t\t\t\t<div class=\"wc-block-grid__product-price price\"><span class=\"woocommerce-Price-amount amount\"><span class=\"woocommerce-Price-currencySymbol\">&pound;<\/span>45.00<\/span><\/div>\n\t\t\t\t\n\t\t\t\t<div class=\"wp-block-button wc-block-grid__product-add-to-cart\"><a href=\"?add-to-cart=173\" aria-label=\"Prida\u0165 &ldquo;Dog Yellow Beanny&rdquo; do ko\u0161\u00edka\" data-quantity=\"1\" data-product_id=\"173\" data-product_sku=\"\" rel=\"nofollow\" class=\"wp-block-button__link add_to_cart_button ajax_add_to_cart\">Prida\u0165 do ko\u0161\u00edka<\/a><\/div>\n\t\t\t<\/li><li class=\"wc-block-grid__product\">\n\t\t\t\t<a href=\"https:\/\/viacmenej.sk\/index.php\/product\/organic-dried-dog-food\/\" class=\"wc-block-grid__product-link\">\n\t\t\t\t\t<div class=\"wc-block-grid__product-image\"><img loading=\"lazy\" decoding=\"async\" width=\"300\" height=\"300\" src=\"https:\/\/viacmenej.sk\/wp-content\/uploads\/2020\/04\/neve-pet-shop-22-300x300.jpg\" class=\"attachment-woocommerce_thumbnail size-woocommerce_thumbnail\" alt=\"Organic dried dog food\" \/><\/div>\n\t\t\t\t\t<div class=\"wc-block-grid__product-title\">Organic dried dog food<\/div>\n\t\t\t\t<\/a>\n\t\t\t\t\n\t\t\t\t<div class=\"wc-block-grid__product-price price\"><span class=\"woocommerce-Price-amount amount\"><span class=\"woocommerce-Price-currencySymbol\">&pound;<\/span>20.00<\/span><\/div>\n\t\t\t\t\n\t\t\t\t<div class=\"wp-block-button wc-block-grid__product-add-to-cart\"><a href=\"?add-to-cart=172\" aria-label=\"Prida\u0165 &ldquo;Organic dried dog food&rdquo; do ko\u0161\u00edka\" data-quantity=\"1\" data-product_id=\"172\" data-product_sku=\"\" rel=\"nofollow\" class=\"wp-block-button__link add_to_cart_button ajax_add_to_cart\">Prida\u0165 do ko\u0161\u00edka<\/a><\/div>\n\t\t\t<\/li><\/ul><\/div>\n\n\n<div style=\"height:20px\" aria-hidden=\"true\" class=\"wp-block-spacer\"><\/div>\n\n\n\n<div id=\"wp-block-themeisle-blocks-button-group-98e779f1\" class=\"wp-block-themeisle-blocks-button-group wp-block-buttons align-center\">\n<div id=\"wp-block-themeisle-blocks-button-4ca9c306\" class=\"wp-block-themeisle-blocks-button wp-block-button\"><a href=\"#\" target=\"_self\" rel=\"noopener noreferrer\" class=\"wp-block-button__link\"><span>BROWSE ALL PRODUCTS<\/span><\/a><\/div>\n<\/div>\n<\/div>\n<\/div><\/div>\n\n\n\n<div class=\"wp-block-themeisle-blocks-advanced-columns alignfull has-2-columns hide-in-desktop hide-in-tablet hide-in-mobile has-default-gap has-vertical-unset\" id=\"wp-block-themeisle-blocks-advanced-columns-943c64bc\"><div class=\"wp-block-themeisle-blocks-advanced-columns-overlay\"><\/div><div class=\"innerblocks-wrap\">\n<div class=\"wp-block-themeisle-blocks-advanced-column small-form\" id=\"wp-block-themeisle-blocks-advanced-column-8b7292d8\">\n<h2 class=\"has-nv-text-dark-bg-color has-text-color wp-block-heading\">Join our newsletter for special deals and offers<\/h2>\n\n\n\n\n<\/div>\n\n\n\n<div class=\"wp-block-themeisle-blocks-advanced-column\" id=\"wp-block-themeisle-blocks-advanced-column-8df68466\"><\/div>\n<\/div><\/div>\n\n\n\n<p><\/p>\n","protected":false},"excerpt":{"rendered":"","protected":false},"author":1,"featured_media":606,"parent":0,"menu_order":0,"comment_status":"closed","ping_status":"closed","template":"","meta":{"_monsterinsights_skip_tracking":false,"_monsterinsights_sitenote_active":false,"_monsterinsights_sitenote_note":"","_monsterinsights_sitenote_category":0,"neve_meta_sidebar":"full-width","neve_meta_container":"","neve_meta_enable_content_width":"on","neve_meta_content_width":100,"neve_meta_title_alignment":"","neve_meta_author_avatar":"","neve_post_elements_order":"","neve_meta_disable_header":"","neve_meta_disable_footer":"","neve_meta_disable_title":"on","_themeisle_gutenberg_block_has_review":false,"_ti_tpc_template_sync":false,"_ti_tpc_template_id":"695blg4xn7pkav5zqwfm","footnotes":""},"yoast_head":"<!-- This site is optimized with the Yoast SEO plugin v17.9 - https:\/\/yoast.com\/wordpress\/plugins\/seo\/ -->\n<title>Domov - viacmenej.sk<\/title>\n<meta name=\"robots\" content=\"index, follow, max-snippet:-1, max-image-preview:large, max-video-preview:-1\" \/>\n<link rel=\"canonical\" href=\"https:\/\/viacmenej.sk\/\" \/>\n<meta property=\"og:locale\" content=\"sk_SK\" \/>\n<meta property=\"og:type\" content=\"article\" \/>\n<meta property=\"og:title\" content=\"Domov - viacmenej.sk\" \/>\n<meta property=\"og:url\" content=\"https:\/\/viacmenej.sk\/\" \/>\n<meta property=\"og:site_name\" content=\"viacmenej.sk\" \/>\n<meta property=\"article:modified_time\" content=\"2024-05-29T07:53:01+00:00\" \/>\n<meta property=\"og:image\" content=\"https:\/\/viacmenej.sk\/wp-content\/uploads\/2022\/01\/Kompostovanie3.jpg\" \/>\n\t<meta property=\"og:image:width\" content=\"2400\" \/>\n\t<meta property=\"og:image:height\" content=\"1920\" \/>\n\t<meta property=\"og:image:type\" content=\"image\/jpeg\" \/>\n<meta name=\"twitter:card\" content=\"summary_large_image\" \/>\n<meta name=\"twitter:label1\" content=\"Predpokladan\u00fd \u010das \u010d\u00edtania\" \/>\n\t<meta name=\"twitter:data1\" content=\"2 min\u00faty\" \/>\n<script type=\"application\/ld+json\" class=\"yoast-schema-graph\">{\"@context\":\"https:\/\/schema.org\",\"@graph\":[{\"@type\":\"WebSite\",\"@id\":\"https:\/\/viacmenej.sk\/#website\",\"url\":\"https:\/\/viacmenej.sk\/\",\"name\":\"viacmenej.sk\",\"description\":\"\",\"potentialAction\":[{\"@type\":\"SearchAction\",\"target\":{\"@type\":\"EntryPoint\",\"urlTemplate\":\"https:\/\/viacmenej.sk\/?s={search_term_string}\"},\"query-input\":\"required name=search_term_string\"}],\"inLanguage\":\"sk-SK\"},{\"@type\":\"ImageObject\",\"@id\":\"https:\/\/viacmenej.sk\/#primaryimage\",\"inLanguage\":\"sk-SK\",\"url\":\"https:\/\/viacmenej.sk\/wp-content\/uploads\/2022\/01\/Kompostovanie3.jpg\",\"contentUrl\":\"https:\/\/viacmenej.sk\/wp-content\/uploads\/2022\/01\/Kompostovanie3.jpg\",\"width\":2400,\"height\":1920},{\"@type\":\"WebPage\",\"@id\":\"https:\/\/viacmenej.sk\/#webpage\",\"url\":\"https:\/\/viacmenej.sk\/\",\"name\":\"Domov - viacmenej.sk\",\"isPartOf\":{\"@id\":\"https:\/\/viacmenej.sk\/#website\"},\"primaryImageOfPage\":{\"@id\":\"https:\/\/viacmenej.sk\/#primaryimage\"},\"datePublished\":\"2020-06-29T23:38:07+00:00\",\"dateModified\":\"2024-05-29T07:53:01+00:00\",\"breadcrumb\":{\"@id\":\"https:\/\/viacmenej.sk\/#breadcrumb\"},\"inLanguage\":\"sk-SK\",\"potentialAction\":[{\"@type\":\"ReadAction\",\"target\":[\"https:\/\/viacmenej.sk\/\"]}]},{\"@type\":\"BreadcrumbList\",\"@id\":\"https:\/\/viacmenej.sk\/#breadcrumb\",\"itemListElement\":[{\"@type\":\"ListItem\",\"position\":1,\"name\":\"Home\",\"item\":\"https:\/\/viacmenej.sk\/\"},{\"@type\":\"ListItem\",\"position\":2,\"name\":\"Domov\"}]}]}<\/script>\n<!-- \/ Yoast SEO plugin. -->","yoast_head_json":{"title":"Domov - viacmenej.sk","robots":{"index":"index","follow":"follow","max-snippet":"max-snippet:-1","max-image-preview":"max-image-preview:large","max-video-preview":"max-video-preview:-1"},"canonical":"https:\/\/viacmenej.sk\/","og_locale":"sk_SK","og_type":"article","og_title":"Domov - viacmenej.sk","og_url":"https:\/\/viacmenej.sk\/","og_site_name":"viacmenej.sk","article_modified_time":"2024-05-29T07:53:01+00:00","og_image":[{"width":2400,"height":1920,"url":"https:\/\/viacmenej.sk\/wp-content\/uploads\/2022\/01\/Kompostovanie3.jpg","type":"image\/jpeg"}],"twitter_card":"summary_large_image","twitter_misc":{"Predpokladan\u00fd \u010das \u010d\u00edtania":"2 min\u00faty"},"schema":{"@context":"https:\/\/schema.org","@graph":[{"@type":"WebSite","@id":"https:\/\/viacmenej.sk\/#website","url":"https:\/\/viacmenej.sk\/","name":"viacmenej.sk","description":"","potentialAction":[{"@type":"SearchAction","target":{"@type":"EntryPoint","urlTemplate":"https:\/\/viacmenej.sk\/?s={search_term_string}"},"query-input":"required name=search_term_string"}],"inLanguage":"sk-SK"},{"@type":"ImageObject","@id":"https:\/\/viacmenej.sk\/#primaryimage","inLanguage":"sk-SK","url":"https:\/\/viacmenej.sk\/wp-content\/uploads\/2022\/01\/Kompostovanie3.jpg","contentUrl":"https:\/\/viacmenej.sk\/wp-content\/uploads\/2022\/01\/Kompostovanie3.jpg","width":2400,"height":1920},{"@type":"WebPage","@id":"https:\/\/viacmenej.sk\/#webpage","url":"https:\/\/viacmenej.sk\/","name":"Domov - viacmenej.sk","isPartOf":{"@id":"https:\/\/viacmenej.sk\/#website"},"primaryImageOfPage":{"@id":"https:\/\/viacmenej.sk\/#primaryimage"},"datePublished":"2020-06-29T23:38:07+00:00","dateModified":"2024-05-29T07:53:01+00:00","breadcrumb":{"@id":"https:\/\/viacmenej.sk\/#breadcrumb"},"inLanguage":"sk-SK","potentialAction":[{"@type":"ReadAction","target":["https:\/\/viacmenej.sk\/"]}]},{"@type":"BreadcrumbList","@id":"https:\/\/viacmenej.sk\/#breadcrumb","itemListElement":[{"@type":"ListItem","position":1,"name":"Home","item":"https:\/\/viacmenej.sk\/"},{"@type":"ListItem","position":2,"name":"Domov"}]}]}},"rttpg_featured_image_url":{"full":["https:\/\/viacmenej.sk\/wp-content\/uploads\/2022\/01\/Kompostovanie3.jpg",2400,1920,false],"landscape":["https:\/\/viacmenej.sk\/wp-content\/uploads\/2022\/01\/Kompostovanie3.jpg",2400,1920,false],"portraits":["https:\/\/viacmenej.sk\/wp-content\/uploads\/2022\/01\/Kompostovanie3.jpg",2400,1920,false],"thumbnail":["https:\/\/viacmenej.sk\/wp-content\/uploads\/2022\/01\/Kompostovanie3-150x150.jpg",150,150,true],"medium":["https:\/\/viacmenej.sk\/wp-content\/uploads\/2022\/01\/Kompostovanie3-300x240.jpg",300,240,true],"large":["https:\/\/viacmenej.sk\/wp-content\/uploads\/2022\/01\/Kompostovanie3-1024x819.jpg",1024,819,true],"1536x1536":["https:\/\/viacmenej.sk\/wp-content\/uploads\/2022\/01\/Kompostovanie3-1536x1229.jpg",1536,1229,true],"2048x2048":["https:\/\/viacmenej.sk\/wp-content\/uploads\/2022\/01\/Kompostovanie3-2048x1638.jpg",2048,1638,true],"shareaholic-thumbnail":["https:\/\/viacmenej.sk\/wp-content\/uploads\/2022\/01\/Kompostovanie3-640x512.jpg",640,512,true],"neve-blog":["https:\/\/viacmenej.sk\/wp-content\/uploads\/2022\/01\/Kompostovanie3-930x620.jpg",930,620,true],"woocommerce_thumbnail":["https:\/\/viacmenej.sk\/wp-content\/uploads\/2022\/01\/Kompostovanie3-300x300.jpg",300,300,true],"woocommerce_single":["https:\/\/viacmenej.sk\/wp-content\/uploads\/2022\/01\/Kompostovanie3-600x480.jpg",600,480,true],"woocommerce_gallery_thumbnail":["https:\/\/viacmenej.sk\/wp-content\/uploads\/2022\/01\/Kompostovanie3-100x100.jpg",100,100,true],"shop_catalog":["https:\/\/viacmenej.sk\/wp-content\/uploads\/2022\/01\/Kompostovanie3-300x300.jpg",300,300,true],"shop_single":["https:\/\/viacmenej.sk\/wp-content\/uploads\/2022\/01\/Kompostovanie3-600x480.jpg",600,480,true],"shop_thumbnail":["https:\/\/viacmenej.sk\/wp-content\/uploads\/2022\/01\/Kompostovanie3-100x100.jpg",100,100,true]},"rttpg_author":{"display_name":"HHassko","author_link":"https:\/\/viacmenej.sk\/index.php\/author\/hhassko\/"},"rttpg_comment":0,"rttpg_category":null,"rttpg_excerpt":null,"_links":{"self":[{"href":"https:\/\/viacmenej.sk\/index.php\/wp-json\/wp\/v2\/pages\/105"}],"collection":[{"href":"https:\/\/viacmenej.sk\/index.php\/wp-json\/wp\/v2\/pages"}],"about":[{"href":"https:\/\/viacmenej.sk\/index.php\/wp-json\/wp\/v2\/types\/page"}],"author":[{"embeddable":true,"href":"https:\/\/viacmenej.sk\/index.php\/wp-json\/wp\/v2\/users\/1"}],"replies":[{"embeddable":true,"href":"https:\/\/viacmenej.sk\/index.php\/wp-json\/wp\/v2\/comments?post=105"}],"version-history":[{"count":6,"href":"https:\/\/viacmenej.sk\/index.php\/wp-json\/wp\/v2\/pages\/105\/revisions"}],"predecessor-version":[{"id":637,"href":"https:\/\/viacmenej.sk\/index.php\/wp-json\/wp\/v2\/pages\/105\/revisions\/637"}],"wp:featuredmedia":[{"embeddable":true,"href":"https:\/\/viacmenej.sk\/index.php\/wp-json\/wp\/v2\/media\/606"}],"wp:attachment":[{"href":"https:\/\/viacmenej.sk\/index.php\/wp-json\/wp\/v2\/media?parent=105"}],"curies":[{"name":"wp","href":"https:\/\/api.w.org\/{rel}","templated":true}]}}