{"id":57,"date":"2021-02-25T12:25:22","date_gmt":"2021-02-25T11:25:22","guid":{"rendered":"http:\/\/viacmenej.sk\/index.php\/about\/"},"modified":"2024-05-31T11:11:25","modified_gmt":"2024-05-31T09:11:25","slug":"about","status":"publish","type":"page","link":"https:\/\/viacmenej.sk\/index.php\/about\/","title":{"rendered":"O VIAC.menej"},"content":{"rendered":"\n<div class=\"wp-block-themeisle-blocks-advanced-columns alignfull has-1-columns has-desktop-equal-layout has-tablet-equal-layout has-mobile-equal-layout has-default-gap has-vertical-unset\" id=\"wp-block-themeisle-blocks-advanced-columns-6d39dfb0\"><div class=\"wp-block-themeisle-blocks-advanced-columns-overlay\"><\/div><div class=\"innerblocks-wrap\">\n<div class=\"wp-block-themeisle-blocks-advanced-column\" id=\"wp-block-themeisle-blocks-advanced-column-d08a6c6d\">\n<h1 class=\"wp-block-heading has-text-align-center has-nv-text-dark-bg-color has-text-color\">O VIAC.menej<\/h1>\n\n\n\n<hr class=\"wp-block-separator has-text-color has-neve-button-color-color has-css-opacity has-neve-button-color-background-color has-background\"\/>\n<\/div>\n<\/div><\/div>\n\n\n\n<div class=\"wp-block-themeisle-blocks-advanced-columns alignfull has-1-columns has-desktop-equal-layout has-tablet-equal-layout has-mobile-equal-layout has-default-gap has-vertical-unset\" id=\"wp-block-themeisle-blocks-advanced-columns-aac5f012\"><div class=\"wp-block-themeisle-blocks-advanced-columns-overlay\"><\/div><div class=\"innerblocks-wrap\">\n<div class=\"wp-block-themeisle-blocks-advanced-column\" id=\"wp-block-themeisle-blocks-advanced-column-c775aa31\">\n<h2 class=\"wp-block-heading has-text-align-center\">Filozofia<\/h2>\n\n\n\n<div style=\"height:30px\" aria-hidden=\"true\" class=\"wp-block-spacer\"><\/div>\n\n\n\n<p style=\"text-align:justify\" id=\"wp-block-themeisle-blocks-advanced-heading-5e92b692\" class=\"wp-block-themeisle-blocks-advanced-heading wp-block-themeisle-blocks-advanced-heading-5e92b692\">\u013dudia sa prirodzenie sna\u017eia z\u00edska\u0165 od \u017eivota \u010do najviac. \u010casto sa v\u0161ak mylne domnievaj\u00fa, \u017ee cesta za \u0161\u0165ast\u00edm vedie cez vlastn\u00edctvo mno\u017estva vec\u00ed a vytv\u00e1ranie akejsi il\u00fazie pohodla a luxusu. Na konci skon\u010dia zahlten\u00ed mno\u017estvom zbyto\u010dnost\u00ed, ktor\u00e9 ani nepotrebuj\u00fa, pri\u010dom sa nec\u00edtia by\u0165 ani o trochu \u0161\u0165astnej\u0161\u00ed, \u010di naplnenej\u0161\u00ed. E\u0161te hor\u0161ie s\u00fa v\u0161ak dopady tak\u00e9hoto spr\u00e1vania na \u017eivotn\u00e9 prostredie. <br><br>\u017di\u0165 udr\u017eate\u013enej\u0161ie neznamen\u00e1 \u017ei\u0165 v jaskyni a ni\u010d nevlastni\u0165. Znamen\u00e1 to ale robi\u0165 zodpovedn\u00e9 rozhodnutia a nepodlieha\u0165 prvotn\u00fdm nutkaniam a impulzom. Niekedy je potrebn\u00e9 zastavi\u0165 sa a uvedomi\u0165 si, \u017ee na to, aby sme mali zo \u017eivota viac, v \u0148om paradoxne potrebujeme ma\u0165 menej. Potrebujeme sa aj presta\u0165 hna\u0165 za nezmyslen\u00fdmi m\u00ed\u013enikmi, ktor\u00fdmi dokazujeme sebe a svojmu okoliu, ako sa m\u00e1me dobre, aj ke\u010f vo svojom vn\u00fatri na\u010falej c\u00edtime ak\u00fasi pr\u00e1zdnotu.  <br><br>\u0160\u0165astn\u00fdmi n\u00e1s predsa aj tak robia hlavne \u013eudia a na\u0161e vz\u00e1jomn\u00e9 prepojenia s nimi. Z\u00e1\u017eitky a \u00faspechy s\u00fa iba \u010dere\u0161ni\u010dkou na pomyselnej torte, zatia\u013e \u010do materi\u00e1lne veci s\u00fa iba podnosom, na ktorom je torta polo\u017een\u00e1. A\u017e pr\u00edli\u0161 ve\u013ea \u013eud\u00ed dnes chod\u00ed so svojimi \u017eivotmi ako s luxusn\u00fdmi podnosmi so zop\u00e1r \u010dere\u0161ni\u010dkami, podstata im v\u0161ak unik\u00e1 a svoju frustr\u00e1ciu premie\u0148aj\u00fa na obrovsk\u00fa uhl\u00edkov\u00fa stopu.<\/p>\n<\/div>\n<\/div><\/div>\n\n\n\n<div class=\"wp-block-themeisle-blocks-advanced-columns alignfull has-1-columns has-desktop-equal-layout has-tablet-equal-layout has-mobile-equal-layout has-default-gap has-vertical-unset\" id=\"wp-block-themeisle-blocks-advanced-columns-7fa15eef\"><div class=\"wp-block-themeisle-blocks-advanced-columns-overlay\"><\/div><div class=\"innerblocks-wrap\">\n<div class=\"wp-block-themeisle-blocks-advanced-column\" id=\"wp-block-themeisle-blocks-advanced-column-20d8fef0\">\n<h2 class=\"wp-block-heading has-text-align-center\">Kde za\u010da\u0165?<\/h2>\n<\/div>\n<\/div><\/div>\n\n\n\n<div class=\"wp-block-themeisle-blocks-advanced-columns alignfull has-3-columns has-desktop-equal-layout has-tablet-equal-layout has-mobile-collapsedRows-layout has-default-gap has-vertical-unset\" id=\"wp-block-themeisle-blocks-advanced-columns-7fc487a2\"><div class=\"wp-block-themeisle-blocks-advanced-columns-overlay\"><\/div><div class=\"innerblocks-wrap\">\n<div class=\"wp-block-themeisle-blocks-advanced-column\" id=\"wp-block-themeisle-blocks-advanced-column-f085661c\">\n<h3 class=\"wp-block-heading has-text-align-center\">Kl\u00e1s\u0165 si spr\u00e1vne ot\u00e1zky<\/h3>\n\n\n\n<p class=\"has-text-align-center has-medium-font-size\">Naozaj to potrebujem? \u010co by som e\u0161te mohol spravi\u0165? Mysl\u00ed tento kandid\u00e1t aj na bud\u00facnos\u0165 alebo len ako vyhra\u0165 najbli\u017e\u0161ie vo\u013eby? Dobr\u00fdch ot\u00e1zok je ve\u013ea. Treba si len n\u00e1js\u0165 \u010das si ich polo\u017ei\u0165 a potom sa aj riadi\u0165 odpove\u010fami.<\/p>\n<\/div>\n\n\n\n<div class=\"wp-block-themeisle-blocks-advanced-column\" id=\"wp-block-themeisle-blocks-advanced-column-1f0c697c\">\n<h3 class=\"wp-block-heading has-text-align-center\">Nie\u010do dobr\u00e9 si pre\u010d\u00edta\u0165<\/h3>\n\n\n\n<p class=\"has-text-align-center has-medium-font-size\">Stoicizmus je z\u00e1kladn\u00e1 filozofia, <br>z ktorej vzi\u0161iel minimalizmus,<br>a je to rozhodne cesta, ako \u017ei\u0165<br>spokojn\u00fd \u017eivot bez oh\u013eadu na<br>materi\u00e1lno, ale aj in\u00e9 veci, ktor\u00e9<br>n\u00e1s zahlcuj\u00fa a robia ne\u0161\u0165astn\u00fdmi. <\/p>\n<\/div>\n\n\n\n<div class=\"wp-block-themeisle-blocks-advanced-column\" id=\"wp-block-themeisle-blocks-advanced-column-67af76c2\">\n<h3 class=\"wp-block-heading has-text-align-center\">Neb\u00e1\u0165 sa sk\u00fa\u0161a\u0165 a experimentova\u0165<\/h3>\n\n\n\n<p class=\"has-text-align-center has-medium-font-size\">Zmeny a nov\u00e9 veci sa \u010dasto zdaj\u00fa desiv\u00e9. Ka\u017ed\u00fd to ale u\u017e za\u017eil &#8211; raz ke\u010f sa zmena stane ka\u017edodennou rutinou, \u010dudujeme sa, \u010doho sme sa tak b\u00e1li a zis\u0165ujeme, \u017ee je to ove\u013ea jednoduch\u0161ie ako sme si mysleli. Preto smelo do toho!<br><\/p>\n<\/div>\n<\/div><\/div>\n\n\n\n<div class=\"wp-block-themeisle-blocks-advanced-columns alignfull has-1-columns hide-in-desktop hide-in-tablet hide-in-mobile has-default-gap has-vertical-unset\" id=\"wp-block-themeisle-blocks-advanced-columns-0ab5d83a\"><div class=\"wp-block-themeisle-blocks-advanced-columns-overlay\"><\/div><div class=\"innerblocks-wrap\">\n<div class=\"wp-block-themeisle-blocks-advanced-column\" id=\"wp-block-themeisle-blocks-advanced-column-d6f07f31\">\n<h2 class=\"wp-block-heading has-text-align-center has-nv-text-dark-bg-color has-text-color\">Kto sme<\/h2>\n\n\n\n<hr class=\"wp-block-separator has-text-color has-neve-button-color-color has-css-opacity has-neve-button-color-background-color has-background\"\/>\n\n\n\n<p class=\"has-nv-text-dark-bg-color has-text-color\"><p style=\"text-align:justify\" class=\"has-nv-text-dark-bg-color has-text-color\">Sme p\u00e1r, ktor\u00fd m\u00e1 r\u00e1d dizajn, umenie a \u017eivotn\u00e9 prostredie, a preto ke\u010f nadi\u0161iel \u010das zrekon\u0161truova\u0165 si n\u00e1\u0161 \u00fatuln\u00fd byt v Bratislave, obaja sme sr\u0161ali a\u017e pr\u00edli\u0161 ve\u013ek\u00fdm mno\u017estvom n\u00e1padov, ako na to. Ako mnoh\u00ed v s\u00fa\u010dasnosti, aj my sme dlho obdivovali kvalitn\u00fd retrodizajn a podarilo sa n\u00e1m pred skl\u00e1dkou zachr\u00e1ni\u0165 nejeden pekn\u00fd k\u00fasok n\u00e1bytku. Vysklada\u0165 si v\u0161ak takto cel\u00fd byt by bolo extr\u00e9mne n\u00e1ro\u010dn\u00e9 a potom sa tu objavila aj ot\u00e1zka &#8211; a \u010do ke\u010f sa n\u00e1m to jedn\u00e9ho d\u0148a prestane tak ve\u013emi p\u00e1\u010di\u0165? <\/p><\/p>\n\n\n\n<p class=\"has-nv-text-dark-bg-color has-text-color\"><p style=\"text-align:justify\" class=\"has-nv-text-dark-bg-color has-text-color\">Rozhodli sme sa preto siahnu\u0165 po jedinej dizajnovej istote v na\u0161ich \u017eivotoch &#8211; minimalizme. Ten sa n\u00e1m obom p\u00e1\u010dil odjak\u017eiva a na rozdiel od retrodizajnu je skuto\u010dne nad\u010dasov\u00fd. V rovnakej dobe, ako sme prech\u00e1dzali t\u00fdmito dilemami, sa na svete objavil v\u00edrus, ktor\u00fd zmenil \u017eivot azda ka\u017ed\u00e9mu. Dovolenky, oslavy, stretnutia, ve\u010dere v re\u0161taur\u00e1ci\u00e1ch, \u010di n\u00e1v\u0161teva kina sa stali vecou minulosti. Oby\u010dajn\u00e9 n\u00e1v\u0161tevy sa stali vz\u00e1cnos\u0165ou, na ktor\u00fa sme s rozbombardovan\u00fdm bytom aj tak nemali priestor. <\/p><\/p>\n\n\n\n<p class=\"has-nv-text-dark-bg-color has-text-color\"><p style=\"text-align:justify\" class=\"has-nv-text-dark-bg-color has-text-color\">Zrazu sme v\u0161ak mali ve\u013ea \u010dasu a tak vzniklo VIAC.menej. Najprv ako vtip, potom ako pr\u00edle\u017eitos\u0165 nau\u010di\u0165 sa nie\u010do nov\u00e9. A \u010do z toho bude \u010falej? Uvid\u00edme. Ka\u017edop\u00e1dne nechceme, aby to bolo o n\u00e1s. <\/p><\/p>\n<\/div>\n<\/div><\/div>\n","protected":false},"excerpt":{"rendered":"","protected":false},"author":1,"featured_media":0,"parent":0,"menu_order":0,"comment_status":"closed","ping_status":"closed","template":"page-templates\/template-pagebuilder-full-width.php","meta":{"_monsterinsights_skip_tracking":false,"_monsterinsights_sitenote_active":false,"_monsterinsights_sitenote_note":"","_monsterinsights_sitenote_category":0,"neve_meta_sidebar":"","neve_meta_container":"","neve_meta_enable_content_width":"","neve_meta_content_width":0,"neve_meta_title_alignment":"","neve_meta_author_avatar":"","neve_post_elements_order":"","neve_meta_disable_header":"","neve_meta_disable_footer":"","neve_meta_disable_title":"","_themeisle_gutenberg_block_has_review":false,"_ti_tpc_template_sync":false,"_ti_tpc_template_id":"","footnotes":""},"yoast_head":"<!-- This site is optimized with the Yoast SEO plugin v17.9 - https:\/\/yoast.com\/wordpress\/plugins\/seo\/ -->\n<title>O VIAC.menej - viacmenej.sk<\/title>\n<meta name=\"robots\" content=\"index, follow, max-snippet:-1, max-image-preview:large, max-video-preview:-1\" \/>\n<link rel=\"canonical\" href=\"https:\/\/viacmenej.sk\/index.php\/about\/\" \/>\n<meta property=\"og:locale\" content=\"sk_SK\" \/>\n<meta property=\"og:type\" content=\"article\" \/>\n<meta property=\"og:title\" content=\"O VIAC.menej - viacmenej.sk\" \/>\n<meta property=\"og:url\" content=\"https:\/\/viacmenej.sk\/index.php\/about\/\" \/>\n<meta property=\"og:site_name\" content=\"viacmenej.sk\" \/>\n<meta property=\"article:modified_time\" content=\"2024-05-31T09:11:25+00:00\" \/>\n<meta name=\"twitter:card\" content=\"summary_large_image\" \/>\n<meta name=\"twitter:label1\" content=\"Predpokladan\u00fd \u010das \u010d\u00edtania\" \/>\n\t<meta name=\"twitter:data1\" content=\"2 min\u00faty\" \/>\n<script type=\"application\/ld+json\" class=\"yoast-schema-graph\">{\"@context\":\"https:\/\/schema.org\",\"@graph\":[{\"@type\":\"WebSite\",\"@id\":\"https:\/\/viacmenej.sk\/#website\",\"url\":\"https:\/\/viacmenej.sk\/\",\"name\":\"viacmenej.sk\",\"description\":\"\",\"potentialAction\":[{\"@type\":\"SearchAction\",\"target\":{\"@type\":\"EntryPoint\",\"urlTemplate\":\"https:\/\/viacmenej.sk\/?s={search_term_string}\"},\"query-input\":\"required name=search_term_string\"}],\"inLanguage\":\"sk-SK\"},{\"@type\":\"WebPage\",\"@id\":\"https:\/\/viacmenej.sk\/index.php\/about\/#webpage\",\"url\":\"https:\/\/viacmenej.sk\/index.php\/about\/\",\"name\":\"O VIAC.menej - viacmenej.sk\",\"isPartOf\":{\"@id\":\"https:\/\/viacmenej.sk\/#website\"},\"datePublished\":\"2021-02-25T11:25:22+00:00\",\"dateModified\":\"2024-05-31T09:11:25+00:00\",\"breadcrumb\":{\"@id\":\"https:\/\/viacmenej.sk\/index.php\/about\/#breadcrumb\"},\"inLanguage\":\"sk-SK\",\"potentialAction\":[{\"@type\":\"ReadAction\",\"target\":[\"https:\/\/viacmenej.sk\/index.php\/about\/\"]}]},{\"@type\":\"BreadcrumbList\",\"@id\":\"https:\/\/viacmenej.sk\/index.php\/about\/#breadcrumb\",\"itemListElement\":[{\"@type\":\"ListItem\",\"position\":1,\"name\":\"Home\",\"item\":\"https:\/\/viacmenej.sk\/\"},{\"@type\":\"ListItem\",\"position\":2,\"name\":\"O VIAC.menej\"}]}]}<\/script>\n<!-- \/ Yoast SEO plugin. -->","yoast_head_json":{"title":"O VIAC.menej - viacmenej.sk","robots":{"index":"index","follow":"follow","max-snippet":"max-snippet:-1","max-image-preview":"max-image-preview:large","max-video-preview":"max-video-preview:-1"},"canonical":"https:\/\/viacmenej.sk\/index.php\/about\/","og_locale":"sk_SK","og_type":"article","og_title":"O VIAC.menej - viacmenej.sk","og_url":"https:\/\/viacmenej.sk\/index.php\/about\/","og_site_name":"viacmenej.sk","article_modified_time":"2024-05-31T09:11:25+00:00","twitter_card":"summary_large_image","twitter_misc":{"Predpokladan\u00fd \u010das \u010d\u00edtania":"2 min\u00faty"},"schema":{"@context":"https:\/\/schema.org","@graph":[{"@type":"WebSite","@id":"https:\/\/viacmenej.sk\/#website","url":"https:\/\/viacmenej.sk\/","name":"viacmenej.sk","description":"","potentialAction":[{"@type":"SearchAction","target":{"@type":"EntryPoint","urlTemplate":"https:\/\/viacmenej.sk\/?s={search_term_string}"},"query-input":"required name=search_term_string"}],"inLanguage":"sk-SK"},{"@type":"WebPage","@id":"https:\/\/viacmenej.sk\/index.php\/about\/#webpage","url":"https:\/\/viacmenej.sk\/index.php\/about\/","name":"O VIAC.menej - viacmenej.sk","isPartOf":{"@id":"https:\/\/viacmenej.sk\/#website"},"datePublished":"2021-02-25T11:25:22+00:00","dateModified":"2024-05-31T09:11:25+00:00","breadcrumb":{"@id":"https:\/\/viacmenej.sk\/index.php\/about\/#breadcrumb"},"inLanguage":"sk-SK","potentialAction":[{"@type":"ReadAction","target":["https:\/\/viacmenej.sk\/index.php\/about\/"]}]},{"@type":"BreadcrumbList","@id":"https:\/\/viacmenej.sk\/index.php\/about\/#breadcrumb","itemListElement":[{"@type":"ListItem","position":1,"name":"Home","item":"https:\/\/viacmenej.sk\/"},{"@type":"ListItem","position":2,"name":"O VIAC.menej"}]}]}},"rttpg_featured_image_url":null,"rttpg_author":{"display_name":"HHassko","author_link":"https:\/\/viacmenej.sk\/index.php\/author\/hhassko\/"},"rttpg_comment":0,"rttpg_category":null,"rttpg_excerpt":null,"_links":{"self":[{"href":"https:\/\/viacmenej.sk\/index.php\/wp-json\/wp\/v2\/pages\/57"}],"collection":[{"href":"https:\/\/viacmenej.sk\/index.php\/wp-json\/wp\/v2\/pages"}],"about":[{"href":"https:\/\/viacmenej.sk\/index.php\/wp-json\/wp\/v2\/types\/page"}],"author":[{"embeddable":true,"href":"https:\/\/viacmenej.sk\/index.php\/wp-json\/wp\/v2\/users\/1"}],"replies":[{"embeddable":true,"href":"https:\/\/viacmenej.sk\/index.php\/wp-json\/wp\/v2\/comments?post=57"}],"version-history":[{"count":6,"href":"https:\/\/viacmenej.sk\/index.php\/wp-json\/wp\/v2\/pages\/57\/revisions"}],"predecessor-version":[{"id":652,"href":"https:\/\/viacmenej.sk\/index.php\/wp-json\/wp\/v2\/pages\/57\/revisions\/652"}],"wp:attachment":[{"href":"https:\/\/viacmenej.sk\/index.php\/wp-json\/wp\/v2\/media?parent=57"}],"curies":[{"name":"wp","href":"https:\/\/api.w.org\/{rel}","templated":true}]}}